{"id":133865,"date":"2020-01-25T08:37:04","date_gmt":"2020-01-25T06:37:04","guid":{"rendered":"https:\/\/www.transportanimale.com.ro\/?page_id=133865"},"modified":"2022-01-29T13:06:08","modified_gmt":"2022-01-29T11:06:08","slug":"documente-si-atestari-companie","status":"publish","type":"page","link":"https:\/\/www.transportanimale.com.ro\/en\/company-documents-and-certifications\/","title":{"rendered":"Company documents and certifications"},"content":{"rendered":"[vc_row][vc_column][vc_column_text]\n<h3 style=\"text-align: center;\"><span style=\"color: #000000;\"><strong><span class=\"dia_suggestion w0\" contextmenu=\"true\">Autoriza\u021bii<\/span> Sanitar &#8211; <span class=\"dia_suggestion w2\" contextmenu=\"true\">Veterinar\u0103<\/span> de transport animale vii pentru <span class=\"dia_suggestion w8\" contextmenu=\"true\">c\u0103l\u0103torii<\/span> rutiere de <span class=\"dia_suggestion w11\" contextmenu=\"true\">lung\u0103<\/span> <span class=\"dia_suggestion w12\" contextmenu=\"true\">durata<\/span> <span class=\"dia_suggestion w13\" contextmenu=\"true\">sau<\/span> transport animale vii pentru <span class=\"dia_suggestion w18\" contextmenu=\"true\">c\u0103l\u0103torii<\/span> <span class=\"dia_suggestion w19\" contextmenu=\"true\">navale<\/span> de <span class=\"dia_suggestion w21\" contextmenu=\"true\">peste<\/span> 10 mile marine.<\/strong> <\/span><\/h3>\n[\/vc_column_text][vc_empty_space][vc_separator color=&#8221;custom&#8221; accent_color=&#8221;#057460&#8243;][vc_empty_space][\/vc_column][\/vc_row][vc_row][vc_column width=&#8221;1\/2&#8243;][vc_single_image image=&#8221;134316&#8243; img_size=&#8221;full&#8221; alignment=&#8221;center&#8221; style=&#8221;vc_box_shadow_3d&#8221;][vc_single_image image=&#8221;134318&#8243; img_size=&#8221;full&#8221; alignment=&#8221;center&#8221; style=&#8221;vc_box_shadow_3d&#8221;][vc_single_image image=&#8221;134320&#8243; img_size=&#8221;full&#8221; alignment=&#8221;center&#8221; style=&#8221;vc_box_shadow_3d&#8221;][vc_single_image image=&#8221;134322&#8243; img_size=&#8221;full&#8221; alignment=&#8221;center&#8221; style=&#8221;vc_box_shadow_3d&#8221;][vc_single_image image=&#8221;134324&#8243; img_size=&#8221;full&#8221; alignment=&#8221;center&#8221; style=&#8221;vc_box_shadow_3d&#8221;][vc_single_image image=&#8221;134326&#8243; img_size=&#8221;full&#8221; alignment=&#8221;center&#8221; style=&#8221;vc_box_shadow_3d&#8221;][vc_single_image image=&#8221;134328&#8243; img_size=&#8221;full&#8221; alignment=&#8221;center&#8221; style=&#8221;vc_box_shadow_3d&#8221;][vc_single_image image=&#8221;134330&#8243; img_size=&#8221;full&#8221; alignment=&#8221;center&#8221; style=&#8221;vc_box_shadow_3d&#8221;][vc_single_image image=&#8221;134332&#8243; img_size=&#8221;full&#8221; alignment=&#8221;center&#8221; style=&#8221;vc_box_shadow_3d&#8221;][vc_single_image image=&#8221;134334&#8243; img_size=&#8221;full&#8221; alignment=&#8221;center&#8221; style=&#8221;vc_box_shadow_3d&#8221;][\/vc_column][vc_column width=&#8221;1\/2&#8243;][vc_single_image image=&#8221;134317&#8243; img_size=&#8221;full&#8221; alignment=&#8221;center&#8221; style=&#8221;vc_box_shadow_3d&#8221;][vc_single_image image=&#8221;134319&#8243; img_size=&#8221;full&#8221; alignment=&#8221;center&#8221; style=&#8221;vc_box_shadow_3d&#8221;][vc_single_image image=&#8221;134321&#8243; img_size=&#8221;full&#8221; alignment=&#8221;center&#8221; style=&#8221;vc_box_shadow_3d&#8221;][vc_single_image image=&#8221;134323&#8243; img_size=&#8221;full&#8221; alignment=&#8221;center&#8221; style=&#8221;vc_box_shadow_3d&#8221;][vc_single_image image=&#8221;134325&#8243; img_size=&#8221;full&#8221; alignment=&#8221;center&#8221; style=&#8221;vc_box_shadow_3d&#8221;][vc_single_image image=&#8221;134327&#8243; img_size=&#8221;full&#8221; alignment=&#8221;center&#8221; style=&#8221;vc_box_shadow_3d&#8221;][vc_single_image image=&#8221;134329&#8243; img_size=&#8221;full&#8221; alignment=&#8221;center&#8221; style=&#8221;vc_box_shadow_3d&#8221;][vc_single_image image=&#8221;134331&#8243; img_size=&#8221;full&#8221; alignment=&#8221;center&#8221; style=&#8221;vc_box_shadow_3d&#8221;][vc_single_image image=&#8221;134333&#8243; img_size=&#8221;full&#8221; alignment=&#8221;center&#8221; style=&#8221;vc_box_shadow_3d&#8221;][\/vc_column][\/vc_row]","protected":false},"excerpt":{"rendered":"[vc_row][vc_column][vc_column_text] Autoriza\u021bii Sanitar &#8211; Veterinar\u0103 de transport animale vii pentru c\u0103l\u0103torii rutiere de lung\u0103 durata sau transport animale vii pentru c\u0103l\u0103torii navale de peste 10 mile marine. [\/vc_column_text][vc_empty_space][vc_separator color=&#8221;custom&#8221; accent_color=&#8221;#057460&#8243;][vc_empty_space][\/vc_column][\/vc_row][vc_row][vc_column width=&#8221;1\/2&#8243;][vc_single_image image=&#8221;134316&#8243; img_size=&#8221;full&#8221; alignment=&#8221;center&#8221; style=&#8221;vc_box_shadow_3d&#8221;][vc_single_image image=&#8221;134318&#8243; img_size=&#8221;full&#8221; alignment=&#8221;center&#8221; style=&#8221;vc_box_shadow_3d&#8221;][vc_single_image image=&#8221;134320&#8243; img_size=&#8221;full&#8221; alignment=&#8221;center&#8221; style=&#8221;vc_box_shadow_3d&#8221;][vc_single_image image=&#8221;134322&#8243; img_size=&#8221;full&#8221; alignment=&#8221;center&#8221; style=&#8221;vc_box_shadow_3d&#8221;][vc_single_image image=&#8221;134324&#8243; img_size=&#8221;full&#8221; alignment=&#8221;center&#8221; style=&#8221;vc_box_shadow_3d&#8221;][vc_single_image image=&#8221;134326&#8243; img_size=&#8221;full&#8221; alignment=&#8221;center&#8221; style=&#8221;vc_box_shadow_3d&#8221;][vc_single_image [&#8230;]\n","protected":false},"author":1,"featured_media":0,"parent":0,"menu_order":0,"comment_status":"closed","ping_status":"closed","template":"page-blank-title-center.php","meta":{"_exactmetrics_skip_tracking":false,"_exactmetrics_sitenote_active":false,"_exactmetrics_sitenote_note":"","_exactmetrics_sitenote_category":0,"footnotes":""},"class_list":["post-133865","page","type-page","status-publish","hentry"],"yoast_head":"<!-- This site is optimized with the Yoast SEO plugin v18.1 - https:\/\/yoast.com\/wordpress\/plugins\/seo\/ -->\n<title>Company documents and certifications - International transportation of pets ( dogs and cats )<\/title>\n<meta name=\"robots\" content=\"index, follow, max-snippet:-1, max-image-preview:large, max-video-preview:-1\" \/>\n<link rel=\"canonical\" href=\"https:\/\/www.transportanimale.com.ro\/documente-si-atestari-companie\/\" \/>\n<meta property=\"og:locale\" content=\"en_US\" \/>\n<meta property=\"og:type\" content=\"article\" \/>\n<meta property=\"og:title\" content=\"Company documents and certifications - International transportation of pets ( dogs and cats )\" \/>\n<meta property=\"og:description\" content=\"[vc_row][vc_column][vc_column_text] Autoriza\u021bii Sanitar &#8211; Veterinar\u0103 de transport animale vii pentru c\u0103l\u0103torii rutiere de lung\u0103 durata sau transport animale vii pentru c\u0103l\u0103torii navale de peste 10 mile marine. [\/vc_column_text][vc_empty_space][vc_separator color=&#8221;custom&#8221; accent_color=&#8221;#057460&#8243;][vc_empty_space][\/vc_column][\/vc_row][vc_row][vc_column width=&#8221;1\/2&#8243;][vc_single_image image=&#8221;134316&#8243; img_size=&#8221;full&#8221; alignment=&#8221;center&#8221; style=&#8221;vc_box_shadow_3d&#8221;][vc_single_image image=&#8221;134318&#8243; img_size=&#8221;full&#8221; alignment=&#8221;center&#8221; style=&#8221;vc_box_shadow_3d&#8221;][vc_single_image image=&#8221;134320&#8243; img_size=&#8221;full&#8221; alignment=&#8221;center&#8221; style=&#8221;vc_box_shadow_3d&#8221;][vc_single_image image=&#8221;134322&#8243; img_size=&#8221;full&#8221; alignment=&#8221;center&#8221; style=&#8221;vc_box_shadow_3d&#8221;][vc_single_image image=&#8221;134324&#8243; img_size=&#8221;full&#8221; alignment=&#8221;center&#8221; style=&#8221;vc_box_shadow_3d&#8221;][vc_single_image image=&#8221;134326&#8243; img_size=&#8221;full&#8221; alignment=&#8221;center&#8221; style=&#8221;vc_box_shadow_3d&#8221;][vc_single_image [...]\" \/>\n<meta property=\"og:url\" content=\"https:\/\/www.transportanimale.com.ro\/documente-si-atestari-companie\/\" \/>\n<meta property=\"og:site_name\" content=\"International transportation of pets ( dogs and cats )\" \/>\n<meta property=\"article:modified_time\" content=\"2022-01-29T11:06:08+00:00\" \/>\n<meta name=\"twitter:card\" content=\"summary_large_image\" \/>\n<meta name=\"twitter:label1\" content=\"Est. reading time\" \/>\n\t<meta name=\"twitter:data1\" content=\"3 minutes\" \/>\n<script type=\"application\/ld+json\" class=\"yoast-schema-graph\">{\"@context\":\"https:\/\/schema.org\",\"@graph\":[{\"@type\":\"WebSite\",\"@id\":\"https:\/\/www.transportanimale.com.ro\/#website\",\"url\":\"https:\/\/www.transportanimale.com.ro\/\",\"name\":\"International transportation of pets ( dogs and cats )\",\"description\":\"\",\"potentialAction\":[{\"@type\":\"SearchAction\",\"target\":{\"@type\":\"EntryPoint\",\"urlTemplate\":\"https:\/\/www.transportanimale.com.ro\/?s={search_term_string}\"},\"query-input\":\"required name=search_term_string\"}],\"inLanguage\":\"en-US\"},{\"@type\":\"WebPage\",\"@id\":\"https:\/\/www.transportanimale.com.ro\/documente-si-atestari-companie\/#webpage\",\"url\":\"https:\/\/www.transportanimale.com.ro\/documente-si-atestari-companie\/\",\"name\":\"Company documents and certifications - International transportation of pets ( dogs and cats )\",\"isPartOf\":{\"@id\":\"https:\/\/www.transportanimale.com.ro\/#website\"},\"datePublished\":\"2020-01-25T06:37:04+00:00\",\"dateModified\":\"2022-01-29T11:06:08+00:00\",\"breadcrumb\":{\"@id\":\"https:\/\/www.transportanimale.com.ro\/documente-si-atestari-companie\/#breadcrumb\"},\"inLanguage\":\"en-US\",\"potentialAction\":[{\"@type\":\"ReadAction\",\"target\":[\"https:\/\/www.transportanimale.com.ro\/documente-si-atestari-companie\/\"]}]},{\"@type\":\"BreadcrumbList\",\"@id\":\"https:\/\/www.transportanimale.com.ro\/documente-si-atestari-companie\/#breadcrumb\",\"itemListElement\":[{\"@type\":\"ListItem\",\"position\":1,\"name\":\"Prima pagin\u0103\",\"item\":\"https:\/\/www.transportanimale.com.ro\/\"},{\"@type\":\"ListItem\",\"position\":2,\"name\":\"Documente \u0219i atest\u0103ri companie\"}]}]}<\/script>\n<!-- \/ Yoast SEO plugin. -->","yoast_head_json":{"title":"Company documents and certifications - International transportation of pets ( dogs and cats )","robots":{"index":"index","follow":"follow","max-snippet":"max-snippet:-1","max-image-preview":"max-image-preview:large","max-video-preview":"max-video-preview:-1"},"canonical":"https:\/\/www.transportanimale.com.ro\/documente-si-atestari-companie\/","og_locale":"en_US","og_type":"article","og_title":"Company documents and certifications - International transportation of pets ( dogs and cats )","og_description":"[vc_row][vc_column][vc_column_text] Autoriza\u021bii Sanitar &#8211; Veterinar\u0103 de transport animale vii pentru c\u0103l\u0103torii rutiere de lung\u0103 durata sau transport animale vii pentru c\u0103l\u0103torii navale de peste 10 mile marine. [\/vc_column_text][vc_empty_space][vc_separator color=&#8221;custom&#8221; accent_color=&#8221;#057460&#8243;][vc_empty_space][\/vc_column][\/vc_row][vc_row][vc_column width=&#8221;1\/2&#8243;][vc_single_image image=&#8221;134316&#8243; img_size=&#8221;full&#8221; alignment=&#8221;center&#8221; style=&#8221;vc_box_shadow_3d&#8221;][vc_single_image image=&#8221;134318&#8243; img_size=&#8221;full&#8221; alignment=&#8221;center&#8221; style=&#8221;vc_box_shadow_3d&#8221;][vc_single_image image=&#8221;134320&#8243; img_size=&#8221;full&#8221; alignment=&#8221;center&#8221; style=&#8221;vc_box_shadow_3d&#8221;][vc_single_image image=&#8221;134322&#8243; img_size=&#8221;full&#8221; alignment=&#8221;center&#8221; style=&#8221;vc_box_shadow_3d&#8221;][vc_single_image image=&#8221;134324&#8243; img_size=&#8221;full&#8221; alignment=&#8221;center&#8221; style=&#8221;vc_box_shadow_3d&#8221;][vc_single_image image=&#8221;134326&#8243; img_size=&#8221;full&#8221; alignment=&#8221;center&#8221; style=&#8221;vc_box_shadow_3d&#8221;][vc_single_image [...]","og_url":"https:\/\/www.transportanimale.com.ro\/documente-si-atestari-companie\/","og_site_name":"International transportation of pets ( dogs and cats )","article_modified_time":"2022-01-29T11:06:08+00:00","twitter_card":"summary_large_image","twitter_misc":{"Est. reading time":"3 minutes"},"schema":{"@context":"https:\/\/schema.org","@graph":[{"@type":"WebSite","@id":"https:\/\/www.transportanimale.com.ro\/#website","url":"https:\/\/www.transportanimale.com.ro\/","name":"International transportation of pets ( dogs and cats )","description":"","potentialAction":[{"@type":"SearchAction","target":{"@type":"EntryPoint","urlTemplate":"https:\/\/www.transportanimale.com.ro\/?s={search_term_string}"},"query-input":"required name=search_term_string"}],"inLanguage":"en-US"},{"@type":"WebPage","@id":"https:\/\/www.transportanimale.com.ro\/documente-si-atestari-companie\/#webpage","url":"https:\/\/www.transportanimale.com.ro\/documente-si-atestari-companie\/","name":"Company documents and certifications - International transportation of pets ( dogs and cats )","isPartOf":{"@id":"https:\/\/www.transportanimale.com.ro\/#website"},"datePublished":"2020-01-25T06:37:04+00:00","dateModified":"2022-01-29T11:06:08+00:00","breadcrumb":{"@id":"https:\/\/www.transportanimale.com.ro\/documente-si-atestari-companie\/#breadcrumb"},"inLanguage":"en-US","potentialAction":[{"@type":"ReadAction","target":["https:\/\/www.transportanimale.com.ro\/documente-si-atestari-companie\/"]}]},{"@type":"BreadcrumbList","@id":"https:\/\/www.transportanimale.com.ro\/documente-si-atestari-companie\/#breadcrumb","itemListElement":[{"@type":"ListItem","position":1,"name":"Prima pagin\u0103","item":"https:\/\/www.transportanimale.com.ro\/"},{"@type":"ListItem","position":2,"name":"Documente \u0219i atest\u0103ri companie"}]}]}},"_links":{"self":[{"href":"https:\/\/www.transportanimale.com.ro\/en\/wp-json\/wp\/v2\/pages\/133865","targetHints":{"allow":["GET"]}}],"collection":[{"href":"https:\/\/www.transportanimale.com.ro\/en\/wp-json\/wp\/v2\/pages"}],"about":[{"href":"https:\/\/www.transportanimale.com.ro\/en\/wp-json\/wp\/v2\/types\/page"}],"author":[{"embeddable":true,"href":"https:\/\/www.transportanimale.com.ro\/en\/wp-json\/wp\/v2\/users\/1"}],"replies":[{"embeddable":true,"href":"https:\/\/www.transportanimale.com.ro\/en\/wp-json\/wp\/v2\/comments?post=133865"}],"version-history":[{"count":2,"href":"https:\/\/www.transportanimale.com.ro\/en\/wp-json\/wp\/v2\/pages\/133865\/revisions"}],"predecessor-version":[{"id":134336,"href":"https:\/\/www.transportanimale.com.ro\/en\/wp-json\/wp\/v2\/pages\/133865\/revisions\/134336"}],"wp:attachment":[{"href":"https:\/\/www.transportanimale.com.ro\/en\/wp-json\/wp\/v2\/media?parent=133865"}],"curies":[{"name":"wp","href":"https:\/\/api.w.org\/{rel}","templated":true}]}}