{"id":133730,"date":"2020-01-24T11:54:55","date_gmt":"2020-01-24T09:54:55","guid":{"rendered":"https:\/\/www.transportanimale.com.ro\/?page_id=133730"},"modified":"2021-08-19T10:24:50","modified_gmt":"2021-08-19T08:24:50","slug":"suntem-soferi-pe-deplin-calificati-si-iubitori-de-animale-de-companie-care-asigura-transportul-pentru-animale-de-companie-caini-si-pisici-door-to-door-catre-marea-britanie-uk-din-romania-si-chiar","status":"publish","type":"page","link":"https:\/\/www.transportanimale.com.ro\/en\/pet-transportation-for-dogs-and-cats-to-england\/","title":{"rendered":"Pet transportation for dogs and cats to England"},"content":{"rendered":"[vc_row][vc_column][vc_column_text][\/vc_column_text][\/vc_column][\/vc_row][vc_row][vc_column][vc_single_image image=&#8221;134237&#8243; img_size=&#8221;full&#8221; alignment=&#8221;center&#8221; style=&#8221;vc_box_shadow_3d&#8221;][\/vc_column][\/vc_row][vc_row][vc_column][vc_column_text]\n<h3 style=\"text-align: center;\"><span style=\"color: #000000;\"><strong><span class=\"tlid-translation translation\" lang=\"en\"><span class=\"\" title=\"\">We are fully qualified drivers and pet lovers, providing pet and dog door-to-door transportation to the UK from Romania and even to Ireland or UK to Romania<\/span><\/span>.<\/strong><\/span><\/h3>\n<p><span style=\"color: #000000;\">If you are moving house for instance you may like us to pick up your pet, board them in our luxury boarding facilities and then deliver them safely to your new home when everything is in place and settled. Avoiding that scary task of ensuring pets don\u2019t escape or become agitated and afraid of the experience.<\/span><\/p>\n<p><span style=\"color: #000000;\">We can transport your pet by road in a specially adapted vehicle for pets, such as dogs, cats and other small animals. Our pet transport vehicle fleet ranges from high-topped luxury pickups, through to full-sized long wheel-base vans, to ensure total safety and comfort door to door. All of our vehicles are ANSVSA type 2 licensed, air conditioned, heated and adapted for safe transport, to ensure your pet has a stress-free, enjoyable and relaxing journey.<\/span><\/p>\n<p><span style=\"color: #000000;\">We\u2019ll never leave your pet alone during the journey (including channel crossings if applicable), we stop regularly to check on your pet and dogs will be walked at least every three hours. Safety and comfort are our primary concern to ensure your pet arrives at their destination relaxed and happy.<\/span>[\/vc_column_text][\/vc_column][\/vc_row][vc_row css=&#8221;.vc_custom_1580114864104{border-top-width: 1px !important;border-right-width: 1px !important;border-bottom-width: 1px !important;border-left-width: 1px !important;border-left-color: #06745f !important;border-left-style: dashed !important;border-right-color: #06745f !important;border-right-style: dashed !important;border-top-color: #06745f !important;border-top-style: dashed !important;border-bottom-color: #06745f !important;border-bottom-style: dashed !important;border-radius: 3px !important;}&#8221;][vc_column][vc_column_text]\n<h4 style=\"text-align: center;\"><span style=\"color: #06745f;\"><strong>GOOD TO KNOW before transporting your dog or cat to the United Kingdom (UK) in Romania and even in Ireland or the United Kingdom (UK) to Romania<\/strong><\/span><\/h4>\n<ol>\n<li><span style=\"color: #000000;\">No pet, dog or cat, can travel outside Romania\/UK\/Ireland without a valid International Passport.<\/span><\/li>\n<li><span style=\"color: #000000;\">The dog or cat can leave the country, according to the legislation in force, only after reaching the age of 4 months and only after being microchipped and vaccinated with rabies.<\/span><\/li>\n<li><span style=\"color: #000000;\">Due to implantation of the microchip it must be before the date of rabies vaccination<\/span><\/li>\n<li><span style=\"color: #000000;\">The rabies vaccine should be made at least 21 days before the scheduled start date. It must be written with a pen, it must be signed and paraphrased and it must have a round stamp and secure foil.<\/span><\/li>\n<li><span style=\"color: #000000;\">On the day of departure or 24 hours before, the dog or cat must be internally and externally debased and undergo a clinical examination. All these data must be found in the Passport of the animal<\/span><\/li>\n<li><span style=\"color: #000000;\">5 days before the trip we will need all this data to be able to complete in the International Traces System<\/span><\/li>\n<li><span style=\"color: #000000;\">Please note that without this information, pets cannot be transported!<\/span><\/li>\n<\/ol>\n[\/vc_column_text][vc_empty_space][\/vc_column][\/vc_row][vc_row][vc_column][vc_column_text][\/vc_column_text][\/vc_column][\/vc_row]","protected":false},"excerpt":{"rendered":"[vc_row][vc_column][vc_column_text][\/vc_column_text][\/vc_column][\/vc_row][vc_row][vc_column][vc_single_image image=&#8221;134237&#8243; img_size=&#8221;full&#8221; alignment=&#8221;center&#8221; style=&#8221;vc_box_shadow_3d&#8221;][\/vc_column][\/vc_row][vc_row][vc_column][vc_column_text] We are fully qualified drivers and pet lovers, providing pet and dog door-to-door transportation to the UK from Romania and even to Ireland or UK to Romania. If you are moving house for instance you may like us to pick up your pet, board them in our luxury boarding facilities [&#8230;]\n","protected":false},"author":1,"featured_media":134236,"parent":0,"menu_order":0,"comment_status":"closed","ping_status":"closed","template":"page-blank-title-center.php","meta":{"_exactmetrics_skip_tracking":false,"_exactmetrics_sitenote_active":false,"_exactmetrics_sitenote_note":"","_exactmetrics_sitenote_category":0,"footnotes":""},"class_list":["post-133730","page","type-page","status-publish","has-post-thumbnail","hentry"],"yoast_head":"<!-- This site is optimized with the Yoast SEO plugin v18.1 - https:\/\/yoast.com\/wordpress\/plugins\/seo\/ -->\n<title>Transport of pets dogs and cats in England UK Ireland from Romania 2021<\/title>\n<meta name=\"description\" content=\"We are fully qualified drivers and pet lovers, who provide door to door pet and dog transport to the UK from Romania and even to Ireland or the UK to Romania.\" \/>\n<meta name=\"robots\" content=\"index, follow, max-snippet:-1, max-image-preview:large, max-video-preview:-1\" \/>\n<link rel=\"canonical\" href=\"https:\/\/www.transportanimale.com.ro\/transport-caini-si-pisici-anglia\/\" \/>\n<meta property=\"og:locale\" content=\"en_US\" \/>\n<meta property=\"og:type\" content=\"article\" \/>\n<meta property=\"og:title\" content=\"Transport c\u00e2ini \u0219i pisici in Anglia ( UK )\" \/>\n<meta property=\"og:description\" content=\"Suntem \u0219oferi pe deplin califica\u021bi \u0219i iubitori de animale de companie, care asigur\u0103 transportul pentru animale de companie c\u00e2ini \u0219i pisici door to door c\u0103tre Marea Britanie ( UK ) din Rom\u00e2nia \u0219i chiar \u00een Irlanda sau din Marea Britanie ( UK ) c\u0103tre Rom\u00e2nia\" \/>\n<meta property=\"og:url\" content=\"https:\/\/www.transportanimale.com.ro\/transport-caini-si-pisici-anglia\/\" \/>\n<meta property=\"og:site_name\" content=\"International transportation of pets ( dogs and cats )\" \/>\n<meta property=\"article:modified_time\" content=\"2021-08-19T08:24:50+00:00\" \/>\n<meta name=\"twitter:card\" content=\"summary_large_image\" \/>\n<meta name=\"twitter:image\" content=\"https:\/\/www.transportanimale.com.ro\/wp-content\/uploads\/Transport-caini-si-pisici-in-Anglia.jpg\" \/>\n<meta name=\"twitter:label1\" content=\"Est. reading time\" \/>\n\t<meta name=\"twitter:data1\" content=\"5 minutes\" \/>\n<script type=\"application\/ld+json\" class=\"yoast-schema-graph\">{\"@context\":\"https:\/\/schema.org\",\"@graph\":[{\"@type\":\"WebSite\",\"@id\":\"https:\/\/www.transportanimale.com.ro\/#website\",\"url\":\"https:\/\/www.transportanimale.com.ro\/\",\"name\":\"International transportation of pets ( dogs and cats )\",\"description\":\"\",\"potentialAction\":[{\"@type\":\"SearchAction\",\"target\":{\"@type\":\"EntryPoint\",\"urlTemplate\":\"https:\/\/www.transportanimale.com.ro\/?s={search_term_string}\"},\"query-input\":\"required name=search_term_string\"}],\"inLanguage\":\"en-US\"},{\"@type\":\"ImageObject\",\"@id\":\"https:\/\/www.transportanimale.com.ro\/transport-caini-si-pisici-anglia\/#primaryimage\",\"inLanguage\":\"en-US\",\"url\":\"\",\"contentUrl\":\"\"},{\"@type\":\"WebPage\",\"@id\":\"https:\/\/www.transportanimale.com.ro\/transport-caini-si-pisici-anglia\/#webpage\",\"url\":\"https:\/\/www.transportanimale.com.ro\/transport-caini-si-pisici-anglia\/\",\"name\":\"[:ro]Transport animale de companie caini si pisici in Anglia UK Irlanda din Romania 2021[:en]Transport of pets dogs and cats in England UK Ireland from Romania 2021 [:]\",\"isPartOf\":{\"@id\":\"https:\/\/www.transportanimale.com.ro\/#website\"},\"primaryImageOfPage\":{\"@id\":\"https:\/\/www.transportanimale.com.ro\/transport-caini-si-pisici-anglia\/#primaryimage\"},\"datePublished\":\"2020-01-24T09:54:55+00:00\",\"dateModified\":\"2021-08-19T08:24:50+00:00\",\"description\":\"{:ro}Transport animale de companie caini si pisici in Anglia Efectuam transporturi catei si pisici regulate din Romania in Anglia si din Anglia in Romania in cele mai bune conditii. Transportul animalelor in Anglia poate avea urmatoarele destinatii: LONDRA, OXFORD, BIRMINGHAM, LIVERPOOL, LEEDS, MANCHESTER, HOLYHEAD, NORTHAMPTON, LUTON, COVENTRY, RUGBY, MILTON KEYNES, BRISTOL si multe altele.{:en}We are fully qualified drivers and pet lovers, who provide door to door pet and dog transport to the UK from Romania and even to Ireland or the UK to Romania.{:}\",\"breadcrumb\":{\"@id\":\"https:\/\/www.transportanimale.com.ro\/transport-caini-si-pisici-anglia\/#breadcrumb\"},\"inLanguage\":\"en-US\",\"potentialAction\":[{\"@type\":\"ReadAction\",\"target\":[\"https:\/\/www.transportanimale.com.ro\/transport-caini-si-pisici-anglia\/\"]}]},{\"@type\":\"BreadcrumbList\",\"@id\":\"https:\/\/www.transportanimale.com.ro\/transport-caini-si-pisici-anglia\/#breadcrumb\",\"itemListElement\":[{\"@type\":\"ListItem\",\"position\":1,\"name\":\"Prima pagin\u0103\",\"item\":\"https:\/\/www.transportanimale.com.ro\/\"},{\"@type\":\"ListItem\",\"position\":2,\"name\":\"Transport c\u00e2ini \u0219i pisici \u00een Anglia ( UK )\"}]}]}<\/script>\n<!-- \/ Yoast SEO plugin. -->","yoast_head_json":{"title":"Transport of pets dogs and cats in England UK Ireland from Romania 2021","description":"We are fully qualified drivers and pet lovers, who provide door to door pet and dog transport to the UK from Romania and even to Ireland or the UK to Romania.","robots":{"index":"index","follow":"follow","max-snippet":"max-snippet:-1","max-image-preview":"max-image-preview:large","max-video-preview":"max-video-preview:-1"},"canonical":"https:\/\/www.transportanimale.com.ro\/transport-caini-si-pisici-anglia\/","og_locale":"en_US","og_type":"article","og_title":"Transport c\u00e2ini \u0219i pisici in Anglia ( UK )","og_description":"Suntem \u0219oferi pe deplin califica\u021bi \u0219i iubitori de animale de companie, care asigur\u0103 transportul pentru animale de companie c\u00e2ini \u0219i pisici door to door c\u0103tre Marea Britanie ( UK ) din Rom\u00e2nia \u0219i chiar \u00een Irlanda sau din Marea Britanie ( UK ) c\u0103tre Rom\u00e2nia","og_url":"https:\/\/www.transportanimale.com.ro\/transport-caini-si-pisici-anglia\/","og_site_name":"International transportation of pets ( dogs and cats )","article_modified_time":"2021-08-19T08:24:50+00:00","twitter_card":"summary_large_image","twitter_image":"https:\/\/www.transportanimale.com.ro\/wp-content\/uploads\/Transport-caini-si-pisici-in-Anglia.jpg","twitter_misc":{"Est. reading time":"5 minutes"},"schema":{"@context":"https:\/\/schema.org","@graph":[{"@type":"WebSite","@id":"https:\/\/www.transportanimale.com.ro\/#website","url":"https:\/\/www.transportanimale.com.ro\/","name":"International transportation of pets ( dogs and cats )","description":"","potentialAction":[{"@type":"SearchAction","target":{"@type":"EntryPoint","urlTemplate":"https:\/\/www.transportanimale.com.ro\/?s={search_term_string}"},"query-input":"required name=search_term_string"}],"inLanguage":"en-US"},{"@type":"ImageObject","@id":"https:\/\/www.transportanimale.com.ro\/transport-caini-si-pisici-anglia\/#primaryimage","inLanguage":"en-US","url":"","contentUrl":""},{"@type":"WebPage","@id":"https:\/\/www.transportanimale.com.ro\/transport-caini-si-pisici-anglia\/#webpage","url":"https:\/\/www.transportanimale.com.ro\/transport-caini-si-pisici-anglia\/","name":"[:ro]Transport animale de companie caini si pisici in Anglia UK Irlanda din Romania 2021[:en]Transport of pets dogs and cats in England UK Ireland from Romania 2021 [:]","isPartOf":{"@id":"https:\/\/www.transportanimale.com.ro\/#website"},"primaryImageOfPage":{"@id":"https:\/\/www.transportanimale.com.ro\/transport-caini-si-pisici-anglia\/#primaryimage"},"datePublished":"2020-01-24T09:54:55+00:00","dateModified":"2021-08-19T08:24:50+00:00","description":"{:ro}Transport animale de companie caini si pisici in Anglia Efectuam transporturi catei si pisici regulate din Romania in Anglia si din Anglia in Romania in cele mai bune conditii. Transportul animalelor in Anglia poate avea urmatoarele destinatii: LONDRA, OXFORD, BIRMINGHAM, LIVERPOOL, LEEDS, MANCHESTER, HOLYHEAD, NORTHAMPTON, LUTON, COVENTRY, RUGBY, MILTON KEYNES, BRISTOL si multe altele.{:en}We are fully qualified drivers and pet lovers, who provide door to door pet and dog transport to the UK from Romania and even to Ireland or the UK to Romania.{:}","breadcrumb":{"@id":"https:\/\/www.transportanimale.com.ro\/transport-caini-si-pisici-anglia\/#breadcrumb"},"inLanguage":"en-US","potentialAction":[{"@type":"ReadAction","target":["https:\/\/www.transportanimale.com.ro\/transport-caini-si-pisici-anglia\/"]}]},{"@type":"BreadcrumbList","@id":"https:\/\/www.transportanimale.com.ro\/transport-caini-si-pisici-anglia\/#breadcrumb","itemListElement":[{"@type":"ListItem","position":1,"name":"Prima pagin\u0103","item":"https:\/\/www.transportanimale.com.ro\/"},{"@type":"ListItem","position":2,"name":"Transport c\u00e2ini \u0219i pisici \u00een Anglia ( UK )"}]}]}},"_links":{"self":[{"href":"https:\/\/www.transportanimale.com.ro\/en\/wp-json\/wp\/v2\/pages\/133730","targetHints":{"allow":["GET"]}}],"collection":[{"href":"https:\/\/www.transportanimale.com.ro\/en\/wp-json\/wp\/v2\/pages"}],"about":[{"href":"https:\/\/www.transportanimale.com.ro\/en\/wp-json\/wp\/v2\/types\/page"}],"author":[{"embeddable":true,"href":"https:\/\/www.transportanimale.com.ro\/en\/wp-json\/wp\/v2\/users\/1"}],"replies":[{"embeddable":true,"href":"https:\/\/www.transportanimale.com.ro\/en\/wp-json\/wp\/v2\/comments?post=133730"}],"version-history":[{"count":2,"href":"https:\/\/www.transportanimale.com.ro\/en\/wp-json\/wp\/v2\/pages\/133730\/revisions"}],"predecessor-version":[{"id":134297,"href":"https:\/\/www.transportanimale.com.ro\/en\/wp-json\/wp\/v2\/pages\/133730\/revisions\/134297"}],"wp:featuredmedia":[{"embeddable":true,"href":"https:\/\/www.transportanimale.com.ro\/en\/wp-json\/wp\/v2\/media\/134236"}],"wp:attachment":[{"href":"https:\/\/www.transportanimale.com.ro\/en\/wp-json\/wp\/v2\/media?parent=133730"}],"curies":[{"name":"wp","href":"https:\/\/api.w.org\/{rel}","templated":true}]}}