{"id":133714,"date":"2020-01-24T11:51:25","date_gmt":"2020-01-24T09:51:25","guid":{"rendered":"https:\/\/www.transportanimale.com.ro\/?page_id=133714"},"modified":"2022-01-29T14:49:41","modified_gmt":"2022-01-29T12:49:41","slug":"oferim-transport-international-pentru-caini-si-pisici-in-urmatoarele-tari-ungaria-budapesta-austria-toate-orasele-germania-toate-orasele-olanda-toate-orasele-belgia-toate-orasele-fran","status":"publish","type":"page","link":"https:\/\/www.transportanimale.com.ro\/en\/","title":{"rendered":"Acasa"},"content":{"rendered":"[vc_row][vc_column][vc_column_text][\/vc_column_text][\/vc_column][\/vc_row][vc_row][vc_column][vc_column_text][\/vc_column_text][\/vc_column][\/vc_row][vc_row full_width=&#8221;stretch_row_content_no_spaces&#8221; el_class=&#8221;acasa&#8221; el_id=&#8221;acasa&#8221;][vc_column offset=&#8221;vc_hidden-xs&#8221;][vc_single_image image=&#8221;134204&#8243; img_size=&#8221;full&#8221; alignment=&#8221;center&#8221;][\/vc_column][\/vc_row][vc_row full_width=&#8221;stretch_row_content_no_spaces&#8221; el_class=&#8221;acasa&#8221; el_id=&#8221;acasa&#8221;][vc_column offset=&#8221;vc_hidden-lg vc_hidden-md vc_hidden-sm&#8221;][vc_single_image image=&#8221;134205&#8243; img_size=&#8221;full&#8221; alignment=&#8221;center&#8221;][\/vc_column][\/vc_row][vc_row][vc_column offset=&#8221;vc_hidden-md vc_hidden-sm vc_hidden-xs&#8221;][vc_single_image image=&#8221;134229&#8243; img_size=&#8221;full&#8221; alignment=&#8221;center&#8221;][\/vc_column][\/vc_row][vc_row][vc_column offset=&#8221;vc_hidden-lg vc_hidden-xs&#8221;][vc_single_image image=&#8221;134231&#8243; img_size=&#8221;full&#8221; alignment=&#8221;center&#8221;][\/vc_column][\/vc_row][vc_row][vc_column offset=&#8221;vc_hidden-lg vc_hidden-md vc_hidden-sm&#8221;][vc_single_image image=&#8221;134233&#8243; img_size=&#8221;full&#8221; alignment=&#8221;center&#8221;][\/vc_column][\/vc_row][vc_row][vc_column][vc_column_text]\n<h1 style=\"text-align: center;\"><span style=\"font-size: 75%; color: #000000;\"><strong>We are fully qualified drivers and pet lovers, providing door-to-door transport of dogs and cats to most European countries.<\/strong><\/span><\/h1>\n<p><span style=\"color: #000000;\">Pet relocation is a service dedicated to all people who need to find solutions for a fast, safe, convenient and efficient transport, nationally or internationally. The reasons for choosing these services are very varied: moving, a new job, vacation, school, etc. Planning the entire operation can prove to be quite complicated, especially when you run into unfriendly policies (in many cases) of airlines, rail or car.<\/span><\/p>\n<h2><span style=\"font-size: 75%;\"><strong><span style=\"color: #000000;\">Pets benefit from the best transport conditions<\/span><\/strong><\/span><\/h2>\n<p><span style=\"color: #000000;\">We are here to meet your needs with optimal solutions for transporting pets internationally. Our services include booking a place online or by phone, we help you with the necessary documents, we set the date of transport, we take the dog or cat from the mentioned address, we keep in touch all the way, we deliver the animal to the mentioned address.<\/span><\/p>\n<p><span style=\"color: #000000;\">We offer the best conditions for animals, taking into account every detail, so that the trip is as pleasant and stress-free as possible and that incidents are avoided. We respect the European legislation in the field but also the wishes of our clients. Especially if the pets follow a special diet or need medication, we make sure that everything is respected as per the book, so that they reach their destination in the best conditions.<\/span><\/p>\n<h3><strong><span style=\"color: #000000; font-size: 75%;\">Choose our services with confidence and benefit from quality services<\/span><\/strong><\/h3>\n<p><span style=\"color: #000000;\">We transport pets to countries such as England, Belgium, France, the Netherlands, Austria, Germany or Hungary, in all their cities.<\/span><\/p>\n<p><span style=\"color: #000000;\">We have over 8690 satisfied customers who use our services and to perform these services in complete safety we have the best certified drivers. The transport is done door to door, so you will be able to trust that you recover your pet in the best conditions. We are animal lovers too, so we understand your care for them.<\/span><\/p>\n<p><span style=\"color: #000000;\">For more details about our services, use the contact details with confidence and we will promptly answer all your questions.<\/span>[\/vc_column_text][vc_empty_space][\/vc_column][\/vc_row][vc_row][vc_column width=&#8221;1\/2&#8243;][vc_single_image image=&#8221;134237&#8243; img_size=&#8221;full&#8221; alignment=&#8221;center&#8221; onclick=&#8221;custom_link&#8221; link=&#8221;https:\/\/www.transportanimale.com.ro\/en\/pet-transportation-for-dogs-and-cats-to-england\/&#8221; css=&#8221;.vc_custom_1586425282914{border-top-width: 1px !important;border-right-width: 1px !important;border-bottom-width: 1px !important;border-left-width: 1px !important;padding-top: 2px !important;padding-right: 2px !important;padding-bottom: 2px !important;padding-left: 2px !important;border-left-color: #074cab !important;border-left-style: groove !important;border-right-color: #074cab !important;border-right-style: groove !important;border-top-color: #074cab !important;border-top-style: groove !important;border-bottom-color: #074cab !important;border-bottom-style: groove !important;}&#8221;][vc_single_image image=&#8221;134239&#8243; img_size=&#8221;full&#8221; alignment=&#8221;center&#8221; onclick=&#8221;custom_link&#8221; link=&#8221;https:\/\/www.transportanimale.com.ro\/en\/pet-transportation-for-dogs-and-cats-to-belgium\/&#8221; css=&#8221;.vc_custom_1586425293084{border-top-width: 1px !important;border-right-width: 1px !important;border-bottom-width: 1px !important;border-left-width: 1px !important;padding-top: 3px !important;padding-right: 3px !important;padding-bottom: 3px !important;padding-left: 3px !important;border-left-color: #074cab !important;border-left-style: groove !important;border-right-color: #074cab !important;border-right-style: groove !important;border-top-color: #074cab !important;border-top-style: groove !important;border-bottom-color: #074cab !important;border-bottom-style: groove !important;}&#8221;][vc_single_image image=&#8221;134241&#8243; img_size=&#8221;full&#8221; alignment=&#8221;center&#8221; onclick=&#8221;custom_link&#8221; link=&#8221;https:\/\/www.transportanimale.com.ro\/en\/pet-transportation-for-dogs-and-cats-to-france\/&#8221; css=&#8221;.vc_custom_1586425301636{border-top-width: 1px !important;border-right-width: 1px !important;border-bottom-width: 1px !important;border-left-width: 1px !important;padding-top: 3px !important;padding-right: 3px !important;padding-bottom: 3px !important;padding-left: 3px !important;border-left-color: #074cab !important;border-left-style: groove !important;border-right-color: #074cab !important;border-right-style: groove !important;border-top-color: #074cab !important;border-top-style: groove !important;border-bottom-color: #074cab !important;border-bottom-style: groove !important;}&#8221;][vc_single_image image=&#8221;134243&#8243; img_size=&#8221;full&#8221; alignment=&#8221;center&#8221; onclick=&#8221;custom_link&#8221; link=&#8221;https:\/\/www.transportanimale.com.ro\/en\/pet-transportation-for-dogs-and-cats-to-netherlands\/&#8221; css=&#8221;.vc_custom_1586425315331{border-top-width: 1px !important;border-right-width: 1px !important;border-bottom-width: 1px !important;border-left-width: 1px !important;padding-top: 3px !important;padding-right: 3px !important;padding-bottom: 3px !important;padding-left: 3px !important;border-left-color: #074cab !important;border-left-style: groove !important;border-right-color: #074cab !important;border-right-style: groove !important;border-top-color: #074cab !important;border-top-style: groove !important;border-bottom-color: #074cab !important;border-bottom-style: groove !important;}&#8221;][\/vc_column][vc_column width=&#8221;1\/2&#8243;][vc_single_image image=&#8221;134245&#8243; img_size=&#8221;full&#8221; alignment=&#8221;center&#8221; onclick=&#8221;custom_link&#8221; link=&#8221;https:\/\/www.transportanimale.com.ro\/en\/pet-transportation-for-dogs-and-cats-to-austria\/&#8221; css=&#8221;.vc_custom_1586425331035{border-top-width: 1px !important;border-right-width: 1px !important;border-bottom-width: 1px !important;border-left-width: 1px !important;padding-top: 3px !important;padding-right: 3px !important;padding-bottom: 3px !important;padding-left: 3px !important;border-left-color: #074cab !important;border-left-style: groove !important;border-right-color: #074cab !important;border-right-style: groove !important;border-top-color: #074cab !important;border-top-style: groove !important;border-bottom-color: #074cab !important;border-bottom-style: groove !important;}&#8221;][vc_single_image image=&#8221;134248&#8243; img_size=&#8221;full&#8221; alignment=&#8221;center&#8221; onclick=&#8221;custom_link&#8221; link=&#8221;https:\/\/www.transportanimale.com.ro\/en\/pet-transportation-for-dogs-and-cats-to-germany\/&#8221; css=&#8221;.vc_custom_1586425357620{border-top-width: 1px !important;border-right-width: 1px !important;border-bottom-width: 1px !important;border-left-width: 1px !important;padding-top: 3px !important;padding-right: 3px !important;padding-bottom: 3px !important;padding-left: 3px !important;border-left-color: #074cab !important;border-left-style: groove !important;border-right-color: #074cab !important;border-right-style: groove !important;border-top-color: #074cab !important;border-top-style: groove !important;border-bottom-color: #074cab !important;border-bottom-style: groove !important;}&#8221;][vc_single_image image=&#8221;134251&#8243; img_size=&#8221;full&#8221; alignment=&#8221;center&#8221; onclick=&#8221;custom_link&#8221; link=&#8221;https:\/\/www.transportanimale.com.ro\/en\/pet-transportation-for-dogs-and-cats-to-hungary\/&#8221; css=&#8221;.vc_custom_1586425365653{border-top-width: 1px !important;border-right-width: 1px !important;border-bottom-width: 1px !important;border-left-width: 1px !important;padding-top: 3px !important;padding-right: 3px !important;padding-bottom: 3px !important;padding-left: 3px !important;border-left-color: #074cab !important;border-left-style: groove !important;border-right-color: #074cab !important;border-right-style: groove !important;border-top-color: #074cab !important;border-top-style: groove !important;border-bottom-color: #074cab !important;border-bottom-style: groove !important;}&#8221;][\/vc_column][\/vc_row][vc_row][vc_column][vc_column_text][\/vc_column_text][\/vc_column][\/vc_row][vc_row][vc_column][vc_column_text][\/vc_column_text][\/vc_column][\/vc_row]","protected":false},"excerpt":{"rendered":"[vc_row][vc_column][vc_column_text][\/vc_column_text][\/vc_column][\/vc_row][vc_row][vc_column][vc_column_text][\/vc_column_text][\/vc_column][\/vc_row][vc_row full_width=&#8221;stretch_row_content_no_spaces&#8221; el_class=&#8221;acasa&#8221; el_id=&#8221;acasa&#8221;][vc_column offset=&#8221;vc_hidden-xs&#8221;][vc_single_image image=&#8221;134204&#8243; img_size=&#8221;full&#8221; alignment=&#8221;center&#8221;][\/vc_column][\/vc_row][vc_row full_width=&#8221;stretch_row_content_no_spaces&#8221; el_class=&#8221;acasa&#8221; el_id=&#8221;acasa&#8221;][vc_column offset=&#8221;vc_hidden-lg vc_hidden-md vc_hidden-sm&#8221;][vc_single_image image=&#8221;134205&#8243; img_size=&#8221;full&#8221; alignment=&#8221;center&#8221;][\/vc_column][\/vc_row][vc_row][vc_column offset=&#8221;vc_hidden-md vc_hidden-sm vc_hidden-xs&#8221;][vc_single_image image=&#8221;134229&#8243; img_size=&#8221;full&#8221; alignment=&#8221;center&#8221;][\/vc_column][\/vc_row][vc_row][vc_column offset=&#8221;vc_hidden-lg vc_hidden-xs&#8221;][vc_single_image image=&#8221;134231&#8243; img_size=&#8221;full&#8221; alignment=&#8221;center&#8221;][\/vc_column][\/vc_row][vc_row][vc_column offset=&#8221;vc_hidden-lg vc_hidden-md vc_hidden-sm&#8221;][vc_single_image image=&#8221;134233&#8243; img_size=&#8221;full&#8221; alignment=&#8221;center&#8221;][\/vc_column][\/vc_row][vc_row][vc_column][vc_column_text] We are fully qualified drivers and pet lovers, providing door-to-door transport of dogs and cats to most European countries. Pet relocation [&#8230;]\n","protected":false},"author":1,"featured_media":134189,"parent":0,"menu_order":0,"comment_status":"closed","ping_status":"closed","template":"","meta":{"_exactmetrics_skip_tracking":false,"_exactmetrics_sitenote_active":false,"_exactmetrics_sitenote_note":"","_exactmetrics_sitenote_category":0,"footnotes":""},"class_list":["post-133714","page","type-page","status-publish","has-post-thumbnail","hentry"],"yoast_head":"<!-- This site is optimized with the Yoast SEO plugin v18.1 - https:\/\/yoast.com\/wordpress\/plugins\/seo\/ -->\n<title>International transportation of pets ( dogs and cats )<\/title>\n<meta name=\"description\" content=\"We offer international transport for dogs and cats in the following countries: Hungary - Budapest, Austria (All cities), Germany (All cities), Netherlands (All cities), Belgium (All cities), France (All cities), England (All cities), Wales (All cities), Scotland (All cities), Ireland (Can be brought to the UK by ferry to Ireland)\" \/>\n<meta name=\"robots\" content=\"index, follow, max-snippet:-1, max-image-preview:large, max-video-preview:-1\" \/>\n<link rel=\"canonical\" href=\"https:\/\/www.transportanimale.com.ro\" \/>\n<meta property=\"og:locale\" content=\"en_US\" \/>\n<meta property=\"og:type\" content=\"article\" \/>\n<meta property=\"og:title\" content=\"Transport de animale caini \/ pisici international in europa\" \/>\n<meta property=\"og:description\" content=\"Oferim transport interna\u021bional pentru c\u00e2ini \u0219i pisici \u00een urm\u0103toarele \u021b\u0103ri : Ungaria - Budapesta, Austria (Toate ora\u0219ele), Germania (Toate ora\u0219ele), Olanda (Toate ora\u0219ele), Belgia (Toate ora\u0219ele), Fran\u021ba (Toate ora\u0219ele), Anglia (Toate ora\u0219ele), \u021aar\u0103 Galilor (Toate ora\u0219ele), Sco\u021bia (Toate ora\u0219ele), Irlanda (Se poate aduce p\u00e2n\u0103 \u00een UK la feribotul care aduce \u00een Irlanda)\" \/>\n<meta property=\"og:url\" content=\"https:\/\/www.transportanimale.com.ro\" \/>\n<meta property=\"og:site_name\" content=\"International transportation of pets ( dogs and cats )\" \/>\n<meta property=\"article:modified_time\" content=\"2022-01-29T12:49:41+00:00\" \/>\n<meta property=\"og:image\" content=\"https:\/\/www.transportanimale.com.ro\/wp-content\/uploads\/Slider.jpg\" \/>\n\t<meta property=\"og:image:width\" content=\"1920\" \/>\n\t<meta property=\"og:image:height\" content=\"696\" \/>\n\t<meta property=\"og:image:type\" content=\"image\/jpeg\" \/>\n<meta name=\"twitter:card\" content=\"summary_large_image\" \/>\n<meta name=\"twitter:label1\" content=\"Est. reading time\" \/>\n\t<meta name=\"twitter:data1\" content=\"4 minutes\" \/>\n<script type=\"application\/ld+json\" class=\"yoast-schema-graph\">{\"@context\":\"https:\/\/schema.org\",\"@graph\":[{\"@type\":\"WebSite\",\"@id\":\"https:\/\/www.transportanimale.com.ro\/#website\",\"url\":\"https:\/\/www.transportanimale.com.ro\/\",\"name\":\"International transportation of pets ( dogs and cats )\",\"description\":\"\",\"potentialAction\":[{\"@type\":\"SearchAction\",\"target\":{\"@type\":\"EntryPoint\",\"urlTemplate\":\"https:\/\/www.transportanimale.com.ro\/?s={search_term_string}\"},\"query-input\":\"required name=search_term_string\"}],\"inLanguage\":\"en-US\"},{\"@type\":\"ImageObject\",\"@id\":\"https:\/\/www.transportanimale.com.ro#primaryimage\",\"inLanguage\":\"en-US\",\"url\":\"https:\/\/www.transportanimale.com.ro\/wp-content\/uploads\/Slider.jpg\",\"contentUrl\":\"https:\/\/www.transportanimale.com.ro\/wp-content\/uploads\/Slider.jpg\",\"width\":1920,\"height\":696},{\"@type\":\"WebPage\",\"@id\":\"https:\/\/www.transportanimale.com.ro#webpage\",\"url\":\"https:\/\/www.transportanimale.com.ro\",\"name\":\"[:ro]Transport International animale de companie ( caini si pisici ) Anglia Germania Irlanda etc 2021[:en]International transportation of pets ( dogs and cats )[:]\",\"isPartOf\":{\"@id\":\"https:\/\/www.transportanimale.com.ro\/#website\"},\"primaryImageOfPage\":{\"@id\":\"https:\/\/www.transportanimale.com.ro#primaryimage\"},\"datePublished\":\"2020-01-24T09:51:25+00:00\",\"dateModified\":\"2022-01-29T12:49:41+00:00\",\"description\":\"{:ro}Transport International animale de companie ( caini si pisici ) Anglia Germania Irlanda 2021{:en}We offer international transport for dogs and cats in the following countries: Hungary - Budapest, Austria (All cities), Germany (All cities), Netherlands (All cities), Belgium (All cities), France (All cities), England (All cities), Wales (All cities), Scotland (All cities), Ireland (Can be brought to the UK by ferry to Ireland){:}\",\"breadcrumb\":{\"@id\":\"https:\/\/www.transportanimale.com.ro#breadcrumb\"},\"inLanguage\":\"en-US\",\"potentialAction\":[{\"@type\":\"ReadAction\",\"target\":[\"https:\/\/www.transportanimale.com.ro\"]}]},{\"@type\":\"BreadcrumbList\",\"@id\":\"https:\/\/www.transportanimale.com.ro#breadcrumb\",\"itemListElement\":[{\"@type\":\"ListItem\",\"position\":1,\"name\":\"Prima pagin\u0103\",\"item\":\"https:\/\/www.transportanimale.com.ro\/\"},{\"@type\":\"ListItem\",\"position\":2,\"name\":\"Acasa\"}]}]}<\/script>\n<!-- \/ Yoast SEO plugin. -->","yoast_head_json":{"title":"International transportation of pets ( dogs and cats )","description":"We offer international transport for dogs and cats in the following countries: Hungary - Budapest, Austria (All cities), Germany (All cities), Netherlands (All cities), Belgium (All cities), France (All cities), England (All cities), Wales (All cities), Scotland (All cities), Ireland (Can be brought to the UK by ferry to Ireland)","robots":{"index":"index","follow":"follow","max-snippet":"max-snippet:-1","max-image-preview":"max-image-preview:large","max-video-preview":"max-video-preview:-1"},"canonical":"https:\/\/www.transportanimale.com.ro","og_locale":"en_US","og_type":"article","og_title":"Transport de animale caini \/ pisici international in europa","og_description":"Oferim transport interna\u021bional pentru c\u00e2ini \u0219i pisici \u00een urm\u0103toarele \u021b\u0103ri : Ungaria - Budapesta, Austria (Toate ora\u0219ele), Germania (Toate ora\u0219ele), Olanda (Toate ora\u0219ele), Belgia (Toate ora\u0219ele), Fran\u021ba (Toate ora\u0219ele), Anglia (Toate ora\u0219ele), \u021aar\u0103 Galilor (Toate ora\u0219ele), Sco\u021bia (Toate ora\u0219ele), Irlanda (Se poate aduce p\u00e2n\u0103 \u00een UK la feribotul care aduce \u00een Irlanda)","og_url":"https:\/\/www.transportanimale.com.ro","og_site_name":"International transportation of pets ( dogs and cats )","article_modified_time":"2022-01-29T12:49:41+00:00","og_image":[{"width":1920,"height":696,"url":"https:\/\/www.transportanimale.com.ro\/wp-content\/uploads\/Slider.jpg","type":"image\/jpeg"}],"twitter_card":"summary_large_image","twitter_misc":{"Est. reading time":"4 minutes"},"schema":{"@context":"https:\/\/schema.org","@graph":[{"@type":"WebSite","@id":"https:\/\/www.transportanimale.com.ro\/#website","url":"https:\/\/www.transportanimale.com.ro\/","name":"International transportation of pets ( dogs and cats )","description":"","potentialAction":[{"@type":"SearchAction","target":{"@type":"EntryPoint","urlTemplate":"https:\/\/www.transportanimale.com.ro\/?s={search_term_string}"},"query-input":"required name=search_term_string"}],"inLanguage":"en-US"},{"@type":"ImageObject","@id":"https:\/\/www.transportanimale.com.ro#primaryimage","inLanguage":"en-US","url":"https:\/\/www.transportanimale.com.ro\/wp-content\/uploads\/Slider.jpg","contentUrl":"https:\/\/www.transportanimale.com.ro\/wp-content\/uploads\/Slider.jpg","width":1920,"height":696},{"@type":"WebPage","@id":"https:\/\/www.transportanimale.com.ro#webpage","url":"https:\/\/www.transportanimale.com.ro","name":"[:ro]Transport International animale de companie ( caini si pisici ) Anglia Germania Irlanda etc 2021[:en]International transportation of pets ( dogs and cats )[:]","isPartOf":{"@id":"https:\/\/www.transportanimale.com.ro\/#website"},"primaryImageOfPage":{"@id":"https:\/\/www.transportanimale.com.ro#primaryimage"},"datePublished":"2020-01-24T09:51:25+00:00","dateModified":"2022-01-29T12:49:41+00:00","description":"{:ro}Transport International animale de companie ( caini si pisici ) Anglia Germania Irlanda 2021{:en}We offer international transport for dogs and cats in the following countries: Hungary - Budapest, Austria (All cities), Germany (All cities), Netherlands (All cities), Belgium (All cities), France (All cities), England (All cities), Wales (All cities), Scotland (All cities), Ireland (Can be brought to the UK by ferry to Ireland){:}","breadcrumb":{"@id":"https:\/\/www.transportanimale.com.ro#breadcrumb"},"inLanguage":"en-US","potentialAction":[{"@type":"ReadAction","target":["https:\/\/www.transportanimale.com.ro"]}]},{"@type":"BreadcrumbList","@id":"https:\/\/www.transportanimale.com.ro#breadcrumb","itemListElement":[{"@type":"ListItem","position":1,"name":"Prima pagin\u0103","item":"https:\/\/www.transportanimale.com.ro\/"},{"@type":"ListItem","position":2,"name":"Acasa"}]}]}},"_links":{"self":[{"href":"https:\/\/www.transportanimale.com.ro\/en\/wp-json\/wp\/v2\/pages\/133714","targetHints":{"allow":["GET"]}}],"collection":[{"href":"https:\/\/www.transportanimale.com.ro\/en\/wp-json\/wp\/v2\/pages"}],"about":[{"href":"https:\/\/www.transportanimale.com.ro\/en\/wp-json\/wp\/v2\/types\/page"}],"author":[{"embeddable":true,"href":"https:\/\/www.transportanimale.com.ro\/en\/wp-json\/wp\/v2\/users\/1"}],"replies":[{"embeddable":true,"href":"https:\/\/www.transportanimale.com.ro\/en\/wp-json\/wp\/v2\/comments?post=133714"}],"version-history":[{"count":3,"href":"https:\/\/www.transportanimale.com.ro\/en\/wp-json\/wp\/v2\/pages\/133714\/revisions"}],"predecessor-version":[{"id":134343,"href":"https:\/\/www.transportanimale.com.ro\/en\/wp-json\/wp\/v2\/pages\/133714\/revisions\/134343"}],"wp:featuredmedia":[{"embeddable":true,"href":"https:\/\/www.transportanimale.com.ro\/en\/wp-json\/wp\/v2\/media\/134189"}],"wp:attachment":[{"href":"https:\/\/www.transportanimale.com.ro\/en\/wp-json\/wp\/v2\/media?parent=133714"}],"curies":[{"name":"wp","href":"https:\/\/api.w.org\/{rel}","templated":true}]}}